{"id":231,"date":"2025-11-27T05:29:27","date_gmt":"2025-11-27T05:29:27","guid":{"rendered":"https:\/\/meta-imageomics.utu.fi\/?page_id=231"},"modified":"2025-11-28T07:10:22","modified_gmt":"2025-11-28T07:10:22","slug":"231-2","status":"publish","type":"page","link":"https:\/\/meta-imageomics.utu.fi\/?page_id=231","title":{"rendered":"Masters student: Olivia Kouvonen"},"content":{"rendered":"<div class=\"wp-block-image is-style-rounded\">\n<figure class=\"alignleft size-medium is-resized\"><img loading=\"lazy\" decoding=\"async\" width=\"225\" height=\"300\" src=\"https:\/\/meta-imageomics.utu.fi\/wp-content\/uploads\/2025\/11\/Olivia-225x300.jpeg\" alt=\"\" class=\"wp-image-291\" style=\"width:200px\" srcset=\"https:\/\/meta-imageomics.utu.fi\/wp-content\/uploads\/2025\/11\/Olivia-225x300.jpeg 225w, https:\/\/meta-imageomics.utu.fi\/wp-content\/uploads\/2025\/11\/Olivia-768x1024.jpeg 768w, https:\/\/meta-imageomics.utu.fi\/wp-content\/uploads\/2025\/11\/Olivia-1152x1536.jpeg 1152w, https:\/\/meta-imageomics.utu.fi\/wp-content\/uploads\/2025\/11\/Olivia-1536x2048.jpeg 1536w, https:\/\/meta-imageomics.utu.fi\/wp-content\/uploads\/2025\/11\/Olivia-scaled.jpeg 1920w\" sizes=\"auto, (max-width: 225px) 100vw, 225px\" \/><\/figure>\n<\/div>\n\n\n<p class=\"has-white-color has-text-color has-link-color has-extra-small-font-size wp-elements-bb2a2a1444353607389675264e0a5071\"><em>&#8220;Hi, I am Olivia! I hold a bachelor\u2019s degree in cell and molecular bioscience from \u00c5bo Akademi University (\u00c5AU). I am currently pursuing my masters degree in biochemistry and will graduate in the spring of 2026 from \u00c5AU. My masters thesis focuses on investigating the impact of cold acclimation on systemic NAD<sup>+ <\/sup>metabolism and adipose tissue remodeling in human adults. The goal is to establish a biochemical connection between brown and white adipose tissue, and to elucidate what role NAD<sup>+<\/sup> plays in this.&#8221;<\/em><\/p>\n\n\n\n<p class=\"has-white-color has-text-color has-link-color has-extra-small-font-size wp-elements-97cd80c42f7234eccbbda44c0bab54b9\">Olivia is jointly supervised by <a href=\"https:\/\/meta-imageomics.utu.fi\/?page_id=70\" data-type=\"page\" data-id=\"70\">Adjunct Prof. Mueez U-Din<\/a> and <a href=\"https:\/\/www.utu.fi\/fi\/ihmiset\/teemu-saari\" data-type=\"link\" data-id=\"https:\/\/www.utu.fi\/fi\/ihmiset\/teemu-saari\">Dr Teemu Saari<\/a>.<\/p>\n","protected":false},"excerpt":{"rendered":"<p>&#8220;Hi, I am Olivia! I hold a bachelor\u2019s degree in cell and molecular bioscience from \u00c5bo Akademi University (\u00c5AU). I<\/p>\n<p><a href=\"https:\/\/meta-imageomics.utu.fi\/?page_id=231\" class=\"more-link\">Continue reading<span class=\"screen-reader-text\">Masters student: Olivia Kouvonen<\/span><\/a><\/p>\n","protected":false},"author":1,"featured_media":0,"parent":0,"menu_order":0,"comment_status":"closed","ping_status":"closed","template":"","meta":{"footnotes":""},"class_list":["post-231","page","type-page","status-publish","hentry"],"_links":{"self":[{"href":"https:\/\/meta-imageomics.utu.fi\/index.php?rest_route=\/wp\/v2\/pages\/231","targetHints":{"allow":["GET"]}}],"collection":[{"href":"https:\/\/meta-imageomics.utu.fi\/index.php?rest_route=\/wp\/v2\/pages"}],"about":[{"href":"https:\/\/meta-imageomics.utu.fi\/index.php?rest_route=\/wp\/v2\/types\/page"}],"author":[{"embeddable":true,"href":"https:\/\/meta-imageomics.utu.fi\/index.php?rest_route=\/wp\/v2\/users\/1"}],"replies":[{"embeddable":true,"href":"https:\/\/meta-imageomics.utu.fi\/index.php?rest_route=%2Fwp%2Fv2%2Fcomments&post=231"}],"version-history":[{"count":5,"href":"https:\/\/meta-imageomics.utu.fi\/index.php?rest_route=\/wp\/v2\/pages\/231\/revisions"}],"predecessor-version":[{"id":293,"href":"https:\/\/meta-imageomics.utu.fi\/index.php?rest_route=\/wp\/v2\/pages\/231\/revisions\/293"}],"wp:attachment":[{"href":"https:\/\/meta-imageomics.utu.fi\/index.php?rest_route=%2Fwp%2Fv2%2Fmedia&parent=231"}],"curies":[{"name":"wp","href":"https:\/\/api.w.org\/{rel}","templated":true}]}}